{"id":8856,"date":"2020-07-11T19:39:02","date_gmt":"2020-07-11T23:39:02","guid":{"rendered":"https:\/\/securimed.ca\/product\/covid-19-serological-test\/"},"modified":"2020-11-30T21:00:53","modified_gmt":"2020-12-01T02:00:53","slug":"covid-19-serological-test","status":"publish","type":"product","link":"https:\/\/securimed.ca\/en\/product\/covid-19-serological-test\/","title":{"rendered":"COVID-19 Serological Test"},"content":{"rendered":"","protected":false},"excerpt":{"rendered":"<p>** ATTENTION **<br \/>\nSi vous passez par une compagnie a\u00e9rienne qui demande le test s\u00e9rologique, m\u00eame si le pays final le demande pas. Il est fortement conseiller de l&#8217;avoir pour \u00e9viter les probl\u00e8mes.<\/p>\n<p>\u00c9TAPES<br \/>\n\u00c9tape 1 &#8211; Vous devez nous donner votre carte de RAMQ (Si vous en avez pas une pi\u00e8ce d&#8217;identit\u00e9 ou votre passeport)<br \/>\n\u00c9tape 2 &#8211; L&#8217;infirmi\u00e8re va effectuer sa consultation et par la suite vous recevrez la prescription au courriel inscrit dans votre commande.<\/p>\n<p>DESCRIPTION<br \/>\n&#8211; Consultation avec l&#8217;infirmi\u00e8re<br \/>\n&#8211; Prise de sang<br \/>\n&#8211; Analyse au laboratoire<\/p>\n<p>IMPORTANT<br \/>\n**** Si vous d\u00e9sirez \u00e9galement avoir le test PCR, vous devez prendre le COMBO. Lors de votre rendez-vous en clinique nous ne pourrons pas ajouter le PCR si celaui-ci n&#8217;a pas \u00e9t\u00e9 r\u00e9serv\u00e9 avant. Nous devons faire la gestion du mat\u00e9riel m\u00e9dical.<br \/>\nVous devez nous fournir une pi\u00e8ce d&#8217;identit\u00e9, si vous en avez pas vous devez donner votre num\u00e9ro de passeport sinon les r\u00e9sultats ne pourront \u00eatre analys\u00e9s.<\/p>\n<p>COMMENT CALCULER VOTRE DATE LE RENDEZ-VOUS<br \/>\nPrenez votre rendez-vous 4 \u00e0 5 jours avant la date de votre d\u00e9part.<br \/>\nEx:<br \/>\nD\u00e9part lundi    &#8211; le RV jeudi<br \/>\nD\u00e9part jeudi    &#8211; le RV Lundi (si pas le choix mardi)<br \/>\nD\u00e9part vendredi &#8211; le RV mardi ou lundi (si pas le choix mercredi)<br \/>\nD\u00e9part samedi   &#8211; le RV mercredi ou mardi (si pas le choix jeudi)<\/p>\n<p>Note: Pour votre confirmation, si vous ne recevez pas de courriel, veuillez valider dans les &#8220;spam&#8221;<\/p>\n","protected":false},"featured_media":5082,"template":"","meta":{"_acf_changed":false},"product_cat":[30],"product_tag":[],"acf":[],"yoast_head":"<!-- This site is optimized with the Yoast SEO plugin v22.2 - https:\/\/yoast.com\/wordpress\/plugins\/seo\/ -->\n<title>COVID-19 Serological Test - Securimed<\/title>\n<meta name=\"robots\" content=\"index, follow, max-snippet:-1, max-image-preview:large, max-video-preview:-1\" \/>\n<link rel=\"canonical\" href=\"https:\/\/securimed.ca\/en\/product\/covid-19-serological-test\/\" \/>\n<meta property=\"og:locale\" content=\"en_US\" \/>\n<meta property=\"og:type\" content=\"article\" \/>\n<meta property=\"og:title\" content=\"COVID-19 Serological Test - Securimed\" \/>\n<meta property=\"og:description\" content=\"** ATTENTION ** Si vous passez par une compagnie a\u00e9rienne qui demande le test s\u00e9rologique, m\u00eame si le pays final le demande pas. Il est fortement conseiller de l&#039;avoir pour \u00e9viter les probl\u00e8mes. \u00c9TAPES \u00c9tape 1 - Vous devez nous donner votre carte de RAMQ (Si vous en avez pas une pi\u00e8ce d&#039;identit\u00e9 ou votre passeport) \u00c9tape 2 - L&#039;infirmi\u00e8re va effectuer sa consultation et par la suite vous recevrez la prescription au courriel inscrit dans votre commande. DESCRIPTION - Consultation avec l&#039;infirmi\u00e8re - Prise de sang - Analyse au laboratoire IMPORTANT **** Si vous d\u00e9sirez \u00e9galement avoir le test PCR, vous devez prendre le COMBO. Lors de votre rendez-vous en clinique nous ne pourrons pas ajouter le PCR si celaui-ci n&#039;a pas \u00e9t\u00e9 r\u00e9serv\u00e9 avant. Nous devons faire la gestion du mat\u00e9riel m\u00e9dical. Vous devez nous fournir une pi\u00e8ce d&#039;identit\u00e9, si vous en avez pas vous devez donner votre num\u00e9ro de passeport sinon les r\u00e9sultats ne pourront \u00eatre analys\u00e9s. COMMENT CALCULER VOTRE DATE LE RENDEZ-VOUS Prenez votre rendez-vous 4 \u00e0 5 jours avant la date de votre d\u00e9part. Ex: D\u00e9part lundi  - le RV jeudi D\u00e9part jeudi  - le RV Lundi (si pas le choix mardi) D\u00e9part vendredi - le RV mardi ou lundi (si pas le choix mercredi) D\u00e9part samedi  - le RV mercredi ou mardi (si pas le choix jeudi) Note: Pour votre confirmation, si vous ne recevez pas de courriel, veuillez valider dans les &quot;spam&quot;\" \/>\n<meta property=\"og:url\" content=\"https:\/\/securimed.ca\/en\/product\/covid-19-serological-test\/\" \/>\n<meta property=\"og:site_name\" content=\"Securimed\" \/>\n<meta property=\"article:modified_time\" content=\"2020-12-01T02:00:53+00:00\" \/>\n<meta property=\"og:image\" content=\"https:\/\/securimed.ca\/wp-content\/uploads\/2020\/07\/S\u00c9ROLOGIQUE.png\" \/>\n\t<meta property=\"og:image:width\" content=\"952\" \/>\n\t<meta property=\"og:image:height\" content=\"640\" \/>\n\t<meta property=\"og:image:type\" content=\"image\/png\" \/>\n<meta name=\"twitter:card\" content=\"summary_large_image\" \/>\n<script type=\"application\/ld+json\" class=\"yoast-schema-graph\">{\"@context\":\"https:\/\/schema.org\",\"@graph\":[{\"@type\":\"WebPage\",\"@id\":\"https:\/\/securimed.ca\/en\/product\/covid-19-serological-test\/\",\"url\":\"https:\/\/securimed.ca\/en\/product\/covid-19-serological-test\/\",\"name\":\"COVID-19 Serological Test - Securimed\",\"isPartOf\":{\"@id\":\"https:\/\/securimed.ca\/en\/#website\"},\"primaryImageOfPage\":{\"@id\":\"https:\/\/securimed.ca\/en\/product\/covid-19-serological-test\/#primaryimage\"},\"image\":{\"@id\":\"https:\/\/securimed.ca\/en\/product\/covid-19-serological-test\/#primaryimage\"},\"thumbnailUrl\":\"https:\/\/securimed.ca\/wp-content\/uploads\/2020\/07\/S\u00c9ROLOGIQUE.png\",\"datePublished\":\"2020-07-11T23:39:02+00:00\",\"dateModified\":\"2020-12-01T02:00:53+00:00\",\"breadcrumb\":{\"@id\":\"https:\/\/securimed.ca\/en\/product\/covid-19-serological-test\/#breadcrumb\"},\"inLanguage\":\"en-US\",\"potentialAction\":[{\"@type\":\"ReadAction\",\"target\":[\"https:\/\/securimed.ca\/en\/product\/covid-19-serological-test\/\"]}]},{\"@type\":\"ImageObject\",\"inLanguage\":\"en-US\",\"@id\":\"https:\/\/securimed.ca\/en\/product\/covid-19-serological-test\/#primaryimage\",\"url\":\"https:\/\/securimed.ca\/wp-content\/uploads\/2020\/07\/S\u00c9ROLOGIQUE.png\",\"contentUrl\":\"https:\/\/securimed.ca\/wp-content\/uploads\/2020\/07\/S\u00c9ROLOGIQUE.png\",\"width\":952,\"height\":640},{\"@type\":\"BreadcrumbList\",\"@id\":\"https:\/\/securimed.ca\/en\/product\/covid-19-serological-test\/#breadcrumb\",\"itemListElement\":[{\"@type\":\"ListItem\",\"position\":1,\"name\":\"Home\",\"item\":\"https:\/\/securimed.ca\/en\/\"},{\"@type\":\"ListItem\",\"position\":2,\"name\":\"Shop\",\"item\":\"https:\/\/securimed.ca\/en\/shop\/\"},{\"@type\":\"ListItem\",\"position\":3,\"name\":\"COVID-19 Serological Test\"}]},{\"@type\":\"WebSite\",\"@id\":\"https:\/\/securimed.ca\/en\/#website\",\"url\":\"https:\/\/securimed.ca\/en\/\",\"name\":\"Securimed\",\"description\":\"Le bon choix\",\"publisher\":{\"@id\":\"https:\/\/securimed.ca\/en\/#organization\"},\"potentialAction\":[{\"@type\":\"SearchAction\",\"target\":{\"@type\":\"EntryPoint\",\"urlTemplate\":\"https:\/\/securimed.ca\/en\/?s={search_term_string}\"},\"query-input\":\"required name=search_term_string\"}],\"inLanguage\":\"en-US\"},{\"@type\":\"Organization\",\"@id\":\"https:\/\/securimed.ca\/en\/#organization\",\"name\":\"Securimed\",\"url\":\"https:\/\/securimed.ca\/en\/\",\"logo\":{\"@type\":\"ImageObject\",\"inLanguage\":\"en-US\",\"@id\":\"https:\/\/securimed.ca\/en\/#\/schema\/logo\/image\/\",\"url\":\"https:\/\/securimed.ca\/wp-content\/uploads\/2018\/10\/logo-securimed-horizontal-FR-01.png\",\"contentUrl\":\"https:\/\/securimed.ca\/wp-content\/uploads\/2018\/10\/logo-securimed-horizontal-FR-01.png\",\"width\":996,\"height\":301,\"caption\":\"Securimed\"},\"image\":{\"@id\":\"https:\/\/securimed.ca\/en\/#\/schema\/logo\/image\/\"}}]}<\/script>\n<!-- \/ Yoast SEO plugin. -->","yoast_head_json":{"title":"COVID-19 Serological Test - Securimed","robots":{"index":"index","follow":"follow","max-snippet":"max-snippet:-1","max-image-preview":"max-image-preview:large","max-video-preview":"max-video-preview:-1"},"canonical":"https:\/\/securimed.ca\/en\/product\/covid-19-serological-test\/","og_locale":"en_US","og_type":"article","og_title":"COVID-19 Serological Test - Securimed","og_description":"** ATTENTION ** Si vous passez par une compagnie a\u00e9rienne qui demande le test s\u00e9rologique, m\u00eame si le pays final le demande pas. Il est fortement conseiller de l'avoir pour \u00e9viter les probl\u00e8mes. \u00c9TAPES \u00c9tape 1 - Vous devez nous donner votre carte de RAMQ (Si vous en avez pas une pi\u00e8ce d'identit\u00e9 ou votre passeport) \u00c9tape 2 - L'infirmi\u00e8re va effectuer sa consultation et par la suite vous recevrez la prescription au courriel inscrit dans votre commande. DESCRIPTION - Consultation avec l'infirmi\u00e8re - Prise de sang - Analyse au laboratoire IMPORTANT **** Si vous d\u00e9sirez \u00e9galement avoir le test PCR, vous devez prendre le COMBO. Lors de votre rendez-vous en clinique nous ne pourrons pas ajouter le PCR si celaui-ci n'a pas \u00e9t\u00e9 r\u00e9serv\u00e9 avant. Nous devons faire la gestion du mat\u00e9riel m\u00e9dical. Vous devez nous fournir une pi\u00e8ce d'identit\u00e9, si vous en avez pas vous devez donner votre num\u00e9ro de passeport sinon les r\u00e9sultats ne pourront \u00eatre analys\u00e9s. COMMENT CALCULER VOTRE DATE LE RENDEZ-VOUS Prenez votre rendez-vous 4 \u00e0 5 jours avant la date de votre d\u00e9part. Ex: D\u00e9part lundi  - le RV jeudi D\u00e9part jeudi  - le RV Lundi (si pas le choix mardi) D\u00e9part vendredi - le RV mardi ou lundi (si pas le choix mercredi) D\u00e9part samedi  - le RV mercredi ou mardi (si pas le choix jeudi) Note: Pour votre confirmation, si vous ne recevez pas de courriel, veuillez valider dans les \"spam\"","og_url":"https:\/\/securimed.ca\/en\/product\/covid-19-serological-test\/","og_site_name":"Securimed","article_modified_time":"2020-12-01T02:00:53+00:00","og_image":[{"width":952,"height":640,"url":"https:\/\/securimed.ca\/wp-content\/uploads\/2020\/07\/S\u00c9ROLOGIQUE.png","type":"image\/png"}],"twitter_card":"summary_large_image","schema":{"@context":"https:\/\/schema.org","@graph":[{"@type":"WebPage","@id":"https:\/\/securimed.ca\/en\/product\/covid-19-serological-test\/","url":"https:\/\/securimed.ca\/en\/product\/covid-19-serological-test\/","name":"COVID-19 Serological Test - Securimed","isPartOf":{"@id":"https:\/\/securimed.ca\/en\/#website"},"primaryImageOfPage":{"@id":"https:\/\/securimed.ca\/en\/product\/covid-19-serological-test\/#primaryimage"},"image":{"@id":"https:\/\/securimed.ca\/en\/product\/covid-19-serological-test\/#primaryimage"},"thumbnailUrl":"https:\/\/securimed.ca\/wp-content\/uploads\/2020\/07\/S\u00c9ROLOGIQUE.png","datePublished":"2020-07-11T23:39:02+00:00","dateModified":"2020-12-01T02:00:53+00:00","breadcrumb":{"@id":"https:\/\/securimed.ca\/en\/product\/covid-19-serological-test\/#breadcrumb"},"inLanguage":"en-US","potentialAction":[{"@type":"ReadAction","target":["https:\/\/securimed.ca\/en\/product\/covid-19-serological-test\/"]}]},{"@type":"ImageObject","inLanguage":"en-US","@id":"https:\/\/securimed.ca\/en\/product\/covid-19-serological-test\/#primaryimage","url":"https:\/\/securimed.ca\/wp-content\/uploads\/2020\/07\/S\u00c9ROLOGIQUE.png","contentUrl":"https:\/\/securimed.ca\/wp-content\/uploads\/2020\/07\/S\u00c9ROLOGIQUE.png","width":952,"height":640},{"@type":"BreadcrumbList","@id":"https:\/\/securimed.ca\/en\/product\/covid-19-serological-test\/#breadcrumb","itemListElement":[{"@type":"ListItem","position":1,"name":"Home","item":"https:\/\/securimed.ca\/en\/"},{"@type":"ListItem","position":2,"name":"Shop","item":"https:\/\/securimed.ca\/en\/shop\/"},{"@type":"ListItem","position":3,"name":"COVID-19 Serological Test"}]},{"@type":"WebSite","@id":"https:\/\/securimed.ca\/en\/#website","url":"https:\/\/securimed.ca\/en\/","name":"Securimed","description":"Le bon choix","publisher":{"@id":"https:\/\/securimed.ca\/en\/#organization"},"potentialAction":[{"@type":"SearchAction","target":{"@type":"EntryPoint","urlTemplate":"https:\/\/securimed.ca\/en\/?s={search_term_string}"},"query-input":"required name=search_term_string"}],"inLanguage":"en-US"},{"@type":"Organization","@id":"https:\/\/securimed.ca\/en\/#organization","name":"Securimed","url":"https:\/\/securimed.ca\/en\/","logo":{"@type":"ImageObject","inLanguage":"en-US","@id":"https:\/\/securimed.ca\/en\/#\/schema\/logo\/image\/","url":"https:\/\/securimed.ca\/wp-content\/uploads\/2018\/10\/logo-securimed-horizontal-FR-01.png","contentUrl":"https:\/\/securimed.ca\/wp-content\/uploads\/2018\/10\/logo-securimed-horizontal-FR-01.png","width":996,"height":301,"caption":"Securimed"},"image":{"@id":"https:\/\/securimed.ca\/en\/#\/schema\/logo\/image\/"}}]}},"_links":{"self":[{"href":"https:\/\/securimed.ca\/en\/wp-json\/wp\/v2\/product\/8856"}],"collection":[{"href":"https:\/\/securimed.ca\/en\/wp-json\/wp\/v2\/product"}],"about":[{"href":"https:\/\/securimed.ca\/en\/wp-json\/wp\/v2\/types\/product"}],"wp:featuredmedia":[{"embeddable":true,"href":"https:\/\/securimed.ca\/en\/wp-json\/wp\/v2\/media\/5082"}],"wp:attachment":[{"href":"https:\/\/securimed.ca\/en\/wp-json\/wp\/v2\/media?parent=8856"}],"wp:term":[{"taxonomy":"product_cat","embeddable":true,"href":"https:\/\/securimed.ca\/en\/wp-json\/wp\/v2\/product_cat?post=8856"},{"taxonomy":"product_tag","embeddable":true,"href":"https:\/\/securimed.ca\/en\/wp-json\/wp\/v2\/product_tag?post=8856"}],"curies":[{"name":"wp","href":"https:\/\/api.w.org\/{rel}","templated":true}]}}