{"id":8812,"date":"2020-08-05T12:44:09","date_gmt":"2020-08-05T16:44:09","guid":{"rendered":"https:\/\/securimed.ca\/product\/hydro-quebec\/"},"modified":"2020-08-05T12:44:09","modified_gmt":"2020-08-05T16:44:09","slug":"hydro-quebec","status":"publish","type":"product","link":"https:\/\/securimed.ca\/en\/product\/hydro-quebec\/","title":{"rendered":"Hydro-Qu\u00e9bec &#8211; Medical exam"},"content":{"rendered":"","protected":false},"excerpt":{"rendered":"<p>\u00c9TAPE :<br \/>\n1. Prendre votre rendez-vous au 514 521-1223<br \/>\n2. Effectuer votre paiement<\/p>\n<p>LIEUX<br \/>\nQu\u00e9bec : 1180, rue des S\u0153urs-du-bon-Pasteur, Qu\u00e9bec local 210<br \/>\nMontr\u00e9al : 175, Stillview, local 350b Pointe-Claire H9R 4S3<\/p>\n<p>DESCRIPTION<br \/>\nExamen m\u00e9dical pour Hydro-Qu\u00e9bec.<br \/>\n&#8211; Examen m\u00e9dical avec le m\u00e9decin<br \/>\n&#8211; \u00c9valuation de la vision<br \/>\n&#8211; Formulaire Hydro-Qu\u00e9bec<\/p>\n<p>D\u00c9TAILS<br \/>\nCo\u00fbt : 200$<br \/>\nTaxes : 29.95$<br \/>\nTotal : 229.95$<\/p>\n<p>** ATTENTION ** Il est possible que le re\u00e7u tombe dans vos courriels ind\u00e9sirables.<\/p>\n","protected":false},"featured_media":6271,"template":"","meta":{"_acf_changed":false},"product_cat":[76,73],"product_tag":[],"acf":[],"yoast_head":"<!-- This site is optimized with the Yoast SEO plugin v22.2 - https:\/\/yoast.com\/wordpress\/plugins\/seo\/ -->\n<title>Hydro-Qu\u00e9bec - Medical exam - Securimed<\/title>\n<meta name=\"robots\" content=\"index, follow, max-snippet:-1, max-image-preview:large, max-video-preview:-1\" \/>\n<link rel=\"canonical\" href=\"https:\/\/securimed.ca\/en\/product\/hydro-quebec\/\" \/>\n<meta property=\"og:locale\" content=\"en_US\" \/>\n<meta property=\"og:type\" content=\"article\" \/>\n<meta property=\"og:title\" content=\"Hydro-Qu\u00e9bec - Medical exam - Securimed\" \/>\n<meta property=\"og:description\" content=\"\u00c9TAPE : 1. Prendre votre rendez-vous au 514 521-1223 2. Effectuer votre paiement  LIEUX Qu\u00e9bec : 1180, rue des S\u0153urs-du-bon-Pasteur, Qu\u00e9bec local 210 Montr\u00e9al : 175, Stillview, local 350b Pointe-Claire H9R 4S3  DESCRIPTION Examen m\u00e9dical pour Hydro-Qu\u00e9bec. - Examen m\u00e9dical avec le m\u00e9decin - \u00c9valuation de la vision - Formulaire Hydro-Qu\u00e9bec  D\u00c9TAILS Co\u00fbt : 200$ Taxes : 29.95$ Total : 229.95$  ** ATTENTION ** Il est possible que le re\u00e7u tombe dans vos courriels ind\u00e9sirables.\" \/>\n<meta property=\"og:url\" content=\"https:\/\/securimed.ca\/en\/product\/hydro-quebec\/\" \/>\n<meta property=\"og:site_name\" content=\"Securimed\" \/>\n<meta property=\"og:image\" content=\"https:\/\/securimed.ca\/wp-content\/uploads\/2020\/08\/Hydro-Qu\u00e9bec-1.png\" \/>\n\t<meta property=\"og:image:width\" content=\"960\" \/>\n\t<meta property=\"og:image:height\" content=\"641\" \/>\n\t<meta property=\"og:image:type\" content=\"image\/png\" \/>\n<meta name=\"twitter:card\" content=\"summary_large_image\" \/>\n<script type=\"application\/ld+json\" class=\"yoast-schema-graph\">{\"@context\":\"https:\/\/schema.org\",\"@graph\":[{\"@type\":\"WebPage\",\"@id\":\"https:\/\/securimed.ca\/en\/product\/hydro-quebec\/\",\"url\":\"https:\/\/securimed.ca\/en\/product\/hydro-quebec\/\",\"name\":\"Hydro-Qu\u00e9bec - Medical exam - Securimed\",\"isPartOf\":{\"@id\":\"https:\/\/securimed.ca\/en\/#website\"},\"primaryImageOfPage\":{\"@id\":\"https:\/\/securimed.ca\/en\/product\/hydro-quebec\/#primaryimage\"},\"image\":{\"@id\":\"https:\/\/securimed.ca\/en\/product\/hydro-quebec\/#primaryimage\"},\"thumbnailUrl\":\"https:\/\/securimed.ca\/wp-content\/uploads\/2020\/08\/Hydro-Qu\u00e9bec-1.png\",\"datePublished\":\"2020-08-05T16:44:09+00:00\",\"dateModified\":\"2020-08-05T16:44:09+00:00\",\"breadcrumb\":{\"@id\":\"https:\/\/securimed.ca\/en\/product\/hydro-quebec\/#breadcrumb\"},\"inLanguage\":\"en-US\",\"potentialAction\":[{\"@type\":\"ReadAction\",\"target\":[\"https:\/\/securimed.ca\/en\/product\/hydro-quebec\/\"]}]},{\"@type\":\"ImageObject\",\"inLanguage\":\"en-US\",\"@id\":\"https:\/\/securimed.ca\/en\/product\/hydro-quebec\/#primaryimage\",\"url\":\"https:\/\/securimed.ca\/wp-content\/uploads\/2020\/08\/Hydro-Qu\u00e9bec-1.png\",\"contentUrl\":\"https:\/\/securimed.ca\/wp-content\/uploads\/2020\/08\/Hydro-Qu\u00e9bec-1.png\",\"width\":960,\"height\":641},{\"@type\":\"BreadcrumbList\",\"@id\":\"https:\/\/securimed.ca\/en\/product\/hydro-quebec\/#breadcrumb\",\"itemListElement\":[{\"@type\":\"ListItem\",\"position\":1,\"name\":\"Home\",\"item\":\"https:\/\/securimed.ca\/en\/\"},{\"@type\":\"ListItem\",\"position\":2,\"name\":\"Shop\",\"item\":\"https:\/\/securimed.ca\/en\/shop\/\"},{\"@type\":\"ListItem\",\"position\":3,\"name\":\"Hydro-Qu\u00e9bec &#8211; Medical exam\"}]},{\"@type\":\"WebSite\",\"@id\":\"https:\/\/securimed.ca\/en\/#website\",\"url\":\"https:\/\/securimed.ca\/en\/\",\"name\":\"Securimed\",\"description\":\"Le bon choix\",\"publisher\":{\"@id\":\"https:\/\/securimed.ca\/en\/#organization\"},\"potentialAction\":[{\"@type\":\"SearchAction\",\"target\":{\"@type\":\"EntryPoint\",\"urlTemplate\":\"https:\/\/securimed.ca\/en\/?s={search_term_string}\"},\"query-input\":\"required name=search_term_string\"}],\"inLanguage\":\"en-US\"},{\"@type\":\"Organization\",\"@id\":\"https:\/\/securimed.ca\/en\/#organization\",\"name\":\"Securimed\",\"url\":\"https:\/\/securimed.ca\/en\/\",\"logo\":{\"@type\":\"ImageObject\",\"inLanguage\":\"en-US\",\"@id\":\"https:\/\/securimed.ca\/en\/#\/schema\/logo\/image\/\",\"url\":\"https:\/\/securimed.ca\/wp-content\/uploads\/2018\/10\/logo-securimed-horizontal-FR-01.png\",\"contentUrl\":\"https:\/\/securimed.ca\/wp-content\/uploads\/2018\/10\/logo-securimed-horizontal-FR-01.png\",\"width\":996,\"height\":301,\"caption\":\"Securimed\"},\"image\":{\"@id\":\"https:\/\/securimed.ca\/en\/#\/schema\/logo\/image\/\"}}]}<\/script>\n<!-- \/ Yoast SEO plugin. -->","yoast_head_json":{"title":"Hydro-Qu\u00e9bec - Medical exam - Securimed","robots":{"index":"index","follow":"follow","max-snippet":"max-snippet:-1","max-image-preview":"max-image-preview:large","max-video-preview":"max-video-preview:-1"},"canonical":"https:\/\/securimed.ca\/en\/product\/hydro-quebec\/","og_locale":"en_US","og_type":"article","og_title":"Hydro-Qu\u00e9bec - Medical exam - Securimed","og_description":"\u00c9TAPE : 1. Prendre votre rendez-vous au 514 521-1223 2. Effectuer votre paiement  LIEUX Qu\u00e9bec : 1180, rue des S\u0153urs-du-bon-Pasteur, Qu\u00e9bec local 210 Montr\u00e9al : 175, Stillview, local 350b Pointe-Claire H9R 4S3  DESCRIPTION Examen m\u00e9dical pour Hydro-Qu\u00e9bec. - Examen m\u00e9dical avec le m\u00e9decin - \u00c9valuation de la vision - Formulaire Hydro-Qu\u00e9bec  D\u00c9TAILS Co\u00fbt : 200$ Taxes : 29.95$ Total : 229.95$  ** ATTENTION ** Il est possible que le re\u00e7u tombe dans vos courriels ind\u00e9sirables.","og_url":"https:\/\/securimed.ca\/en\/product\/hydro-quebec\/","og_site_name":"Securimed","og_image":[{"width":960,"height":641,"url":"https:\/\/securimed.ca\/wp-content\/uploads\/2020\/08\/Hydro-Qu\u00e9bec-1.png","type":"image\/png"}],"twitter_card":"summary_large_image","schema":{"@context":"https:\/\/schema.org","@graph":[{"@type":"WebPage","@id":"https:\/\/securimed.ca\/en\/product\/hydro-quebec\/","url":"https:\/\/securimed.ca\/en\/product\/hydro-quebec\/","name":"Hydro-Qu\u00e9bec - Medical exam - Securimed","isPartOf":{"@id":"https:\/\/securimed.ca\/en\/#website"},"primaryImageOfPage":{"@id":"https:\/\/securimed.ca\/en\/product\/hydro-quebec\/#primaryimage"},"image":{"@id":"https:\/\/securimed.ca\/en\/product\/hydro-quebec\/#primaryimage"},"thumbnailUrl":"https:\/\/securimed.ca\/wp-content\/uploads\/2020\/08\/Hydro-Qu\u00e9bec-1.png","datePublished":"2020-08-05T16:44:09+00:00","dateModified":"2020-08-05T16:44:09+00:00","breadcrumb":{"@id":"https:\/\/securimed.ca\/en\/product\/hydro-quebec\/#breadcrumb"},"inLanguage":"en-US","potentialAction":[{"@type":"ReadAction","target":["https:\/\/securimed.ca\/en\/product\/hydro-quebec\/"]}]},{"@type":"ImageObject","inLanguage":"en-US","@id":"https:\/\/securimed.ca\/en\/product\/hydro-quebec\/#primaryimage","url":"https:\/\/securimed.ca\/wp-content\/uploads\/2020\/08\/Hydro-Qu\u00e9bec-1.png","contentUrl":"https:\/\/securimed.ca\/wp-content\/uploads\/2020\/08\/Hydro-Qu\u00e9bec-1.png","width":960,"height":641},{"@type":"BreadcrumbList","@id":"https:\/\/securimed.ca\/en\/product\/hydro-quebec\/#breadcrumb","itemListElement":[{"@type":"ListItem","position":1,"name":"Home","item":"https:\/\/securimed.ca\/en\/"},{"@type":"ListItem","position":2,"name":"Shop","item":"https:\/\/securimed.ca\/en\/shop\/"},{"@type":"ListItem","position":3,"name":"Hydro-Qu\u00e9bec &#8211; Medical exam"}]},{"@type":"WebSite","@id":"https:\/\/securimed.ca\/en\/#website","url":"https:\/\/securimed.ca\/en\/","name":"Securimed","description":"Le bon choix","publisher":{"@id":"https:\/\/securimed.ca\/en\/#organization"},"potentialAction":[{"@type":"SearchAction","target":{"@type":"EntryPoint","urlTemplate":"https:\/\/securimed.ca\/en\/?s={search_term_string}"},"query-input":"required name=search_term_string"}],"inLanguage":"en-US"},{"@type":"Organization","@id":"https:\/\/securimed.ca\/en\/#organization","name":"Securimed","url":"https:\/\/securimed.ca\/en\/","logo":{"@type":"ImageObject","inLanguage":"en-US","@id":"https:\/\/securimed.ca\/en\/#\/schema\/logo\/image\/","url":"https:\/\/securimed.ca\/wp-content\/uploads\/2018\/10\/logo-securimed-horizontal-FR-01.png","contentUrl":"https:\/\/securimed.ca\/wp-content\/uploads\/2018\/10\/logo-securimed-horizontal-FR-01.png","width":996,"height":301,"caption":"Securimed"},"image":{"@id":"https:\/\/securimed.ca\/en\/#\/schema\/logo\/image\/"}}]}},"_links":{"self":[{"href":"https:\/\/securimed.ca\/en\/wp-json\/wp\/v2\/product\/8812"}],"collection":[{"href":"https:\/\/securimed.ca\/en\/wp-json\/wp\/v2\/product"}],"about":[{"href":"https:\/\/securimed.ca\/en\/wp-json\/wp\/v2\/types\/product"}],"wp:featuredmedia":[{"embeddable":true,"href":"https:\/\/securimed.ca\/en\/wp-json\/wp\/v2\/media\/6271"}],"wp:attachment":[{"href":"https:\/\/securimed.ca\/en\/wp-json\/wp\/v2\/media?parent=8812"}],"wp:term":[{"taxonomy":"product_cat","embeddable":true,"href":"https:\/\/securimed.ca\/en\/wp-json\/wp\/v2\/product_cat?post=8812"},{"taxonomy":"product_tag","embeddable":true,"href":"https:\/\/securimed.ca\/en\/wp-json\/wp\/v2\/product_tag?post=8812"}],"curies":[{"name":"wp","href":"https:\/\/api.w.org\/{rel}","templated":true}]}}